{"id":30627,"date":"2023-09-07T13:15:21","date_gmt":"2023-09-07T11:15:21","guid":{"rendered":"https:\/\/decourroux.ch\/shop\/befrei-buch\/"},"modified":"2023-09-08T09:33:16","modified_gmt":"2023-09-08T07:33:16","slug":"befreit-buch","status":"publish","type":"product","link":"https:\/\/decourroux.ch\/de\/shop\/befreit-buch\/","title":{"rendered":"Befreit &#8211; Buch"},"content":{"rendered":"<p>[et_pb_section fb_built=&#8220;1&#8243; _builder_version=&#8220;4.16&#8243; custom_padding=&#8220;0px||||false|false&#8220; global_colors_info=&#8220;{}&#8220;][et_pb_row _builder_version=&#8220;4.16&#8243; background_size=&#8220;initial&#8220; background_position=&#8220;top_left&#8220; background_repeat=&#8220;repeat&#8220; width=&#8220;100%&#8220; custom_padding=&#8220;0px||0px||false|false&#8220; global_colors_info=&#8220;{}&#8220;][et_pb_column type=&#8220;4_4&#8243; _builder_version=&#8220;4.16&#8243; custom_padding=&#8220;|||&#8220; global_colors_info=&#8220;{}&#8220; custom_padding__hover=&#8220;|||&#8220;][et_pb_wc_breadcrumb _builder_version=&#8220;4.16&#8243; global_colors_info=&#8220;{}&#8220;][\/et_pb_wc_breadcrumb][et_pb_wc_cart_notice _builder_version=&#8220;4.16&#8243; global_colors_info=&#8220;{}&#8220;][\/et_pb_wc_cart_notice][\/et_pb_column][\/et_pb_row][et_pb_row column_structure=&#8220;1_2,1_2&#8243; _builder_version=&#8220;4.16&#8243; background_size=&#8220;initial&#8220; background_position=&#8220;top_left&#8220; background_repeat=&#8220;repeat&#8220; width=&#8220;100%&#8220; custom_padding=&#8220;0px||||false|false&#8220; global_colors_info=&#8220;{}&#8220;][et_pb_column type=&#8220;1_2&#8243; _builder_version=&#8220;4.16&#8243; custom_padding=&#8220;|||&#8220; global_colors_info=&#8220;{}&#8220; custom_padding__hover=&#8220;|||&#8220;][et_pb_wc_images _builder_version=&#8220;4.16&#8243; global_colors_info=&#8220;{}&#8220;][\/et_pb_wc_images][\/et_pb_column][et_pb_column type=&#8220;1_2&#8243; _builder_version=&#8220;4.16&#8243; custom_padding=&#8220;|||&#8220; global_colors_info=&#8220;{}&#8220; custom_padding__hover=&#8220;|||&#8220;][et_pb_wc_title _builder_version=&#8220;4.16&#8243; global_colors_info=&#8220;{}&#8220;][\/et_pb_wc_title][et_pb_wc_rating _builder_version=&#8220;4.16&#8243; global_colors_info=&#8220;{}&#8220;][\/et_pb_wc_rating][et_pb_wc_price _builder_version=&#8220;4.16&#8243; global_colors_info=&#8220;{}&#8220;][\/et_pb_wc_price][et_pb_wc_description _builder_version=&#8220;4.16&#8243; global_colors_info=&#8220;{}&#8220;][\/et_pb_wc_description][et_pb_wc_add_to_cart _builder_version=&#8220;4.16&#8243; global_colors_info=&#8220;{}&#8220;][\/et_pb_wc_add_to_cart][et_pb_wc_meta _builder_version=&#8220;4.16&#8243; global_colors_info=&#8220;{}&#8220;][\/et_pb_wc_meta][\/et_pb_column][\/et_pb_row][et_pb_row _builder_version=&#8220;4.16&#8243; background_size=&#8220;initial&#8220; background_position=&#8220;top_left&#8220; background_repeat=&#8220;repeat&#8220; width=&#8220;100%&#8220; global_colors_info=&#8220;{}&#8220;][et_pb_column type=&#8220;4_4&#8243; _builder_version=&#8220;4.16&#8243; custom_padding=&#8220;|||&#8220; global_colors_info=&#8220;{}&#8220; custom_padding__hover=&#8220;|||&#8220;][et_pb_wc_tabs _builder_version=&#8220;4.16&#8243; global_colors_info=&#8220;{}&#8220;]\t\t\t\t\t[\/et_pb_wc_tabs][et_pb_wc_upsells _builder_version=&#8220;4.16&#8243; global_colors_info=&#8220;{}&#8220;][\/et_pb_wc_upsells][et_pb_wc_related_products _builder_version=&#8220;4.16&#8243; global_colors_info=&#8220;{}&#8220;][\/et_pb_wc_related_products][\/et_pb_column][\/et_pb_row][\/et_pb_section][et_pb_section fb_built=&#8220;1&#8243; _builder_version=&#8220;4.16&#8243; global_colors_info=&#8220;{}&#8220;][et_pb_row _builder_version=&#8220;4.16&#8243; global_colors_info=&#8220;{}&#8220;][et_pb_column type=&#8220;4_4&#8243; _builder_version=&#8220;4.16&#8243; custom_padding=&#8220;|||&#8220; global_colors_info=&#8220;{}&#8220; custom_padding__hover=&#8220;|||&#8220;][et_pb_text _builder_version=&#8220;4.16&#8243; global_colors_info=&#8220;{}&#8220;]Die Autobiografie, THES MOTS DONT J&#8217;AVAIS PEUR, die 2012 erschien und fast 25.000 Mal verkauft wurde, erreichte eine sehr gro\u00dfe Anzahl von Lesern. Sie erz\u00e4hlt die Geschichte eines stotternden jungen Jurassier, der zum S\u00e4nger wurde. Das aufregende und leidenschaftliche Leben eines gew\u00f6hnlichen Mannes, der mit dem Au\u00dfergew\u00f6hnlichen kokettiert.[\/et_pb_text][\/et_pb_column][\/et_pb_row][\/et_pb_section]<\/p>\n<span class=\"et_bloom_bottom_trigger\"><\/span>","protected":false},"excerpt":{"rendered":"<p>Eine einfache und zugleich eindringliche Beleuchtung der Realit\u00e4ten der sichtbaren und unsichtbaren Welt, die uns umgibt. Der Autor enth\u00fcllt die Mechanismen, die den Weg zur wahren Freiheit ebnen. Ob Atheist oder Gl\u00e4ubiger, Skeptiker oder \u00dcberzeugungst\u00e4ter, dieses Buch ist f\u00fcr Sie bestimmt.<\/p>\n<p>&nbsp;<\/p>\n<p>Dieses Buch wird Ihnen gegen freie Kost und Logis zur Verf\u00fcgung gestellt, es wird jedoch ein Mindestbetrag von <strong>7.-\/Buch<\/strong> zur Deckung der Verpackungs- und Versandkosten erhoben.<br \/>\n<strong>Wenn Sie gr\u00f6\u00dfere Mengen bestellen m\u00f6chten, fordern Sie ein Angebot an!<\/strong><\/p>\n","protected":false},"featured_media":30871,"template":"","meta":{"_et_pb_use_builder":"on","_et_pb_old_content":"","_et_gb_content_width":""},"product_cat":[],"product_tag":[],"_links":{"self":[{"href":"https:\/\/decourroux.ch\/de\/wp-json\/wp\/v2\/product\/30627"}],"collection":[{"href":"https:\/\/decourroux.ch\/de\/wp-json\/wp\/v2\/product"}],"about":[{"href":"https:\/\/decourroux.ch\/de\/wp-json\/wp\/v2\/types\/product"}],"wp:featuredmedia":[{"embeddable":true,"href":"https:\/\/decourroux.ch\/de\/wp-json\/wp\/v2\/media\/30871"}],"wp:attachment":[{"href":"https:\/\/decourroux.ch\/de\/wp-json\/wp\/v2\/media?parent=30627"}],"wp:term":[{"taxonomy":"product_cat","embeddable":true,"href":"https:\/\/decourroux.ch\/de\/wp-json\/wp\/v2\/product_cat?post=30627"},{"taxonomy":"product_tag","embeddable":true,"href":"https:\/\/decourroux.ch\/de\/wp-json\/wp\/v2\/product_tag?post=30627"}],"curies":[{"name":"wp","href":"https:\/\/api.w.org\/{rel}","templated":true}]}}